{"id":12648,"date":"2025-01-16T14:47:53","date_gmt":"2025-01-16T13:47:53","guid":{"rendered":"https:\/\/hello-suns.com\/producten\/pemba-2\/"},"modified":"2026-03-06T14:27:23","modified_gmt":"2026-03-06T13:27:23","slug":"pemba-2-stuehle","status":"publish","type":"product","link":"https:\/\/hello-suns.com\/de\/produkte\/pemba-2-stuehle\/","title":{"rendered":"Pemba"},"content":{"rendered":"<h2 style=\"font-weight: 400;\">Reisen, ohne sich zu bewegen<\/h2>\n<p style=\"font-weight: 400;\">Pemba bringt Sie zu den Sommerzielen. Ohne aus Ihrem Sessel aufzustehen.<\/p>\n","protected":false},"excerpt":{"rendered":"<h3 style=\"font-weight: 400;\">Organische Formen, sch\u00f6ner Sitz<\/h3>\n<p style=\"font-weight: 400;\">Pemba ist sofort an seiner geformten R\u00fcckenlehne zu erkennen. Dank der schr\u00e4gen Linien ist der Sitzkomfort ausgezeichnet. Sie k\u00f6nnen sich auch f\u00fcr eine Sitzfl\u00e4che mit attraktivem Bananenblattgeflecht entscheiden oder ein sch\u00f6nes, weiches Boucl\u00e9-Kissen hinzuf\u00fcgen. In jedem Fall ist dieser Stuhl eine Klasse f\u00fcr sich, denn das Gestell aus 100% nat\u00fcrlichem Teakholz verleiht Pemba einen hochwertigen Look.<\/p>\n<p style=\"font-weight: 400;\">Wie alle SUNS-Sitzm\u00f6bel l\u00e4sst sich auch Pemba hervorragend mit den Tischen aus unseren Kollektionen kombinieren.<\/p>\n","protected":false},"featured_media":59516,"comment_status":"closed","ping_status":"closed","template":"","meta":{"_acf_changed":false},"product_brand":[],"product_cat":[628],"product_tag":[],"material":[],"class_list":{"0":"post-12648","1":"product","2":"type-product","3":"status-publish","4":"has-post-thumbnail","6":"product_cat-stuhle","8":"first","9":"instock","10":"shipping-taxable","11":"product-type-simple"},"acf":[],"yoast_head":"<!-- This site is optimized with the Yoast SEO plugin v26.8 - https:\/\/yoast.com\/product\/yoast-seo-wordpress\/ -->\n<title>Entdecken Sie Pemba Chair | SUNS Outdoor Lifestyle<\/title>\n<meta name=\"description\" content=\"Suchen Sie einen Pemba-Stuhl? SUNS bietet stilvolle Teakholzst\u00fchle mit hervorragendem Sitzkomfort, wahlweise mit Bananenblattgeflecht oder Boucl\u00e9-Kissen.\" \/>\n<meta name=\"robots\" content=\"index, follow, max-snippet:-1, max-image-preview:large, max-video-preview:-1\" \/>\n<link rel=\"canonical\" href=\"https:\/\/hello-suns.com\/de\/produkte\/pemba-2-stuehle\/\" \/>\n<meta property=\"og:locale\" content=\"de_DE\" \/>\n<meta property=\"og:type\" content=\"article\" \/>\n<meta property=\"og:title\" content=\"Entdecken Sie Pemba Chair | SUNS Outdoor Lifestyle\" \/>\n<meta property=\"og:description\" content=\"Suchen Sie einen Pemba-Stuhl? SUNS bietet stilvolle Teakholzst\u00fchle mit hervorragendem Sitzkomfort, wahlweise mit Bananenblattgeflecht oder Boucl\u00e9-Kissen.\" \/>\n<meta property=\"og:url\" content=\"https:\/\/hello-suns.com\/de\/produkte\/pemba-2-stuehle\/\" \/>\n<meta property=\"og:site_name\" content=\"SUNS\" \/>\n<meta property=\"article:modified_time\" content=\"2026-03-06T13:27:23+00:00\" \/>\n<meta property=\"og:image\" content=\"https:\/\/hello-suns.com\/app\/uploads\/2025\/01\/Pemba-SUNS-Diningchair-CH-SSB-Free-26.png\" \/>\n\t<meta property=\"og:image:width\" content=\"3840\" \/>\n\t<meta property=\"og:image:height\" content=\"2560\" \/>\n\t<meta property=\"og:image:type\" content=\"image\/png\" \/>\n<meta name=\"twitter:card\" content=\"summary_large_image\" \/>\n<meta name=\"twitter:label1\" content=\"Est. reading time\" \/>\n\t<meta name=\"twitter:data1\" content=\"3 minutes\" \/>\n<script type=\"application\/ld+json\" class=\"yoast-schema-graph\">{\"@context\":\"https:\/\/schema.org\",\"@graph\":[{\"@type\":\"WebPage\",\"@id\":\"https:\/\/hello-suns.com\/de\/produkte\/pemba-2-stuehle\/\",\"url\":\"https:\/\/hello-suns.com\/de\/produkte\/pemba-2-stuehle\/\",\"name\":\"Entdecken Sie Pemba Chair | SUNS Outdoor Lifestyle\",\"isPartOf\":{\"@id\":\"https:\/\/hello-suns.com\/de\/#website\"},\"primaryImageOfPage\":{\"@id\":\"https:\/\/hello-suns.com\/de\/produkte\/pemba-2-stuehle\/#primaryimage\"},\"image\":{\"@id\":\"https:\/\/hello-suns.com\/de\/produkte\/pemba-2-stuehle\/#primaryimage\"},\"thumbnailUrl\":\"https:\/\/hello-suns.com\/app\/uploads\/2025\/01\/Pemba-SUNS-Diningchair-CH-SSB-Free-26.png\",\"datePublished\":\"2025-01-16T13:47:53+00:00\",\"dateModified\":\"2026-03-06T13:27:23+00:00\",\"description\":\"Suchen Sie einen Pemba-Stuhl? SUNS bietet stilvolle Teakholzst\u00fchle mit hervorragendem Sitzkomfort, wahlweise mit Bananenblattgeflecht oder Boucl\u00e9-Kissen.\",\"breadcrumb\":{\"@id\":\"https:\/\/hello-suns.com\/de\/produkte\/pemba-2-stuehle\/#breadcrumb\"},\"inLanguage\":\"de-DE\",\"potentialAction\":[{\"@type\":\"ReadAction\",\"target\":[\"https:\/\/hello-suns.com\/de\/produkte\/pemba-2-stuehle\/\"]}]},{\"@type\":\"ImageObject\",\"inLanguage\":\"de-DE\",\"@id\":\"https:\/\/hello-suns.com\/de\/produkte\/pemba-2-stuehle\/#primaryimage\",\"url\":\"https:\/\/hello-suns.com\/app\/uploads\/2025\/01\/Pemba-SUNS-Diningchair-CH-SSB-Free-26.png\",\"contentUrl\":\"https:\/\/hello-suns.com\/app\/uploads\/2025\/01\/Pemba-SUNS-Diningchair-CH-SSB-Free-26.png\",\"width\":3840,\"height\":2560},{\"@type\":\"BreadcrumbList\",\"@id\":\"https:\/\/hello-suns.com\/de\/produkte\/pemba-2-stuehle\/#breadcrumb\",\"itemListElement\":[{\"@type\":\"ListItem\",\"position\":1,\"name\":\"\",\"item\":\"https:\/\/hello-suns.com\/de\/\"},{\"@type\":\"ListItem\",\"position\":2,\"name\":\"Produkte\",\"item\":\"https:\/\/hello-suns.com\/de\/produkte\/\"},{\"@type\":\"ListItem\",\"position\":3,\"name\":\"Pemba\"}]},{\"@type\":\"WebSite\",\"@id\":\"https:\/\/hello-suns.com\/de\/#website\",\"url\":\"https:\/\/hello-suns.com\/de\/\",\"name\":\"SUNS\",\"description\":\"Outdoor Lifestyle\",\"potentialAction\":[{\"@type\":\"SearchAction\",\"target\":{\"@type\":\"EntryPoint\",\"urlTemplate\":\"https:\/\/hello-suns.com\/de\/?s={search_term_string}\"},\"query-input\":{\"@type\":\"PropertyValueSpecification\",\"valueRequired\":true,\"valueName\":\"search_term_string\"}}],\"inLanguage\":\"de-DE\"}]}<\/script>\n<!-- \/ Yoast SEO plugin. -->","yoast_head_json":{"title":"Entdecken Sie Pemba Chair | SUNS Outdoor Lifestyle","description":"Suchen Sie einen Pemba-Stuhl? SUNS bietet stilvolle Teakholzst\u00fchle mit hervorragendem Sitzkomfort, wahlweise mit Bananenblattgeflecht oder Boucl\u00e9-Kissen.","robots":{"index":"index","follow":"follow","max-snippet":"max-snippet:-1","max-image-preview":"max-image-preview:large","max-video-preview":"max-video-preview:-1"},"canonical":"https:\/\/hello-suns.com\/de\/produkte\/pemba-2-stuehle\/","og_locale":"de_DE","og_type":"article","og_title":"Entdecken Sie Pemba Chair | SUNS Outdoor Lifestyle","og_description":"Suchen Sie einen Pemba-Stuhl? SUNS bietet stilvolle Teakholzst\u00fchle mit hervorragendem Sitzkomfort, wahlweise mit Bananenblattgeflecht oder Boucl\u00e9-Kissen.","og_url":"https:\/\/hello-suns.com\/de\/produkte\/pemba-2-stuehle\/","og_site_name":"SUNS","article_modified_time":"2026-03-06T13:27:23+00:00","og_image":[{"width":3840,"height":2560,"url":"https:\/\/hello-suns.com\/app\/uploads\/2025\/01\/Pemba-SUNS-Diningchair-CH-SSB-Free-26.png","type":"image\/png"}],"twitter_card":"summary_large_image","twitter_misc":{"Est. reading time":"3 minutes"},"schema":{"@context":"https:\/\/schema.org","@graph":[{"@type":"WebPage","@id":"https:\/\/hello-suns.com\/de\/produkte\/pemba-2-stuehle\/","url":"https:\/\/hello-suns.com\/de\/produkte\/pemba-2-stuehle\/","name":"Entdecken Sie Pemba Chair | SUNS Outdoor Lifestyle","isPartOf":{"@id":"https:\/\/hello-suns.com\/de\/#website"},"primaryImageOfPage":{"@id":"https:\/\/hello-suns.com\/de\/produkte\/pemba-2-stuehle\/#primaryimage"},"image":{"@id":"https:\/\/hello-suns.com\/de\/produkte\/pemba-2-stuehle\/#primaryimage"},"thumbnailUrl":"https:\/\/hello-suns.com\/app\/uploads\/2025\/01\/Pemba-SUNS-Diningchair-CH-SSB-Free-26.png","datePublished":"2025-01-16T13:47:53+00:00","dateModified":"2026-03-06T13:27:23+00:00","description":"Suchen Sie einen Pemba-Stuhl? SUNS bietet stilvolle Teakholzst\u00fchle mit hervorragendem Sitzkomfort, wahlweise mit Bananenblattgeflecht oder Boucl\u00e9-Kissen.","breadcrumb":{"@id":"https:\/\/hello-suns.com\/de\/produkte\/pemba-2-stuehle\/#breadcrumb"},"inLanguage":"de-DE","potentialAction":[{"@type":"ReadAction","target":["https:\/\/hello-suns.com\/de\/produkte\/pemba-2-stuehle\/"]}]},{"@type":"ImageObject","inLanguage":"de-DE","@id":"https:\/\/hello-suns.com\/de\/produkte\/pemba-2-stuehle\/#primaryimage","url":"https:\/\/hello-suns.com\/app\/uploads\/2025\/01\/Pemba-SUNS-Diningchair-CH-SSB-Free-26.png","contentUrl":"https:\/\/hello-suns.com\/app\/uploads\/2025\/01\/Pemba-SUNS-Diningchair-CH-SSB-Free-26.png","width":3840,"height":2560},{"@type":"BreadcrumbList","@id":"https:\/\/hello-suns.com\/de\/produkte\/pemba-2-stuehle\/#breadcrumb","itemListElement":[{"@type":"ListItem","position":1,"name":"","item":"https:\/\/hello-suns.com\/de\/"},{"@type":"ListItem","position":2,"name":"Produkte","item":"https:\/\/hello-suns.com\/de\/produkte\/"},{"@type":"ListItem","position":3,"name":"Pemba"}]},{"@type":"WebSite","@id":"https:\/\/hello-suns.com\/de\/#website","url":"https:\/\/hello-suns.com\/de\/","name":"SUNS","description":"Outdoor Lifestyle","potentialAction":[{"@type":"SearchAction","target":{"@type":"EntryPoint","urlTemplate":"https:\/\/hello-suns.com\/de\/?s={search_term_string}"},"query-input":{"@type":"PropertyValueSpecification","valueRequired":true,"valueName":"search_term_string"}}],"inLanguage":"de-DE"}]}},"_links":{"self":[{"href":"https:\/\/hello-suns.com\/de\/wp-json\/wp\/v2\/product\/12648","targetHints":{"allow":["GET"]}}],"collection":[{"href":"https:\/\/hello-suns.com\/de\/wp-json\/wp\/v2\/product"}],"about":[{"href":"https:\/\/hello-suns.com\/de\/wp-json\/wp\/v2\/types\/product"}],"replies":[{"embeddable":true,"href":"https:\/\/hello-suns.com\/de\/wp-json\/wp\/v2\/comments?post=12648"}],"wp:featuredmedia":[{"embeddable":true,"href":"https:\/\/hello-suns.com\/de\/wp-json\/wp\/v2\/media\/59516"}],"wp:attachment":[{"href":"https:\/\/hello-suns.com\/de\/wp-json\/wp\/v2\/media?parent=12648"}],"wp:term":[{"taxonomy":"product_brand","embeddable":true,"href":"https:\/\/hello-suns.com\/de\/wp-json\/wp\/v2\/product_brand?post=12648"},{"taxonomy":"product_cat","embeddable":true,"href":"https:\/\/hello-suns.com\/de\/wp-json\/wp\/v2\/product_cat?post=12648"},{"taxonomy":"product_tag","embeddable":true,"href":"https:\/\/hello-suns.com\/de\/wp-json\/wp\/v2\/product_tag?post=12648"},{"taxonomy":"material","embeddable":true,"href":"https:\/\/hello-suns.com\/de\/wp-json\/wp\/v2\/material?post=12648"}],"curies":[{"name":"wp","href":"https:\/\/api.w.org\/{rel}","templated":true}]}}