{"id":12647,"date":"2025-01-16T15:45:50","date_gmt":"2025-01-16T14:45:50","guid":{"rendered":"https:\/\/hello-suns.com\/producten\/termoli\/"},"modified":"2026-03-09T11:31:51","modified_gmt":"2026-03-09T10:31:51","slug":"termoli-stuehle","status":"publish","type":"product","link":"https:\/\/hello-suns.com\/de\/produkte\/termoli-stuehle\/","title":{"rendered":"Termoli"},"content":{"rendered":"<h2 style=\"font-weight: 400;\">Mit Symbolen spielen<\/h2>\n<p style=\"font-weight: 400;\">Anmutiges Teakholz mit starken kantigen Linien. Das Design des Termoli-Stuhls ist vom legend\u00e4ren Regiestuhl inspiriert. \u00dcbernehmen Sie die Kontrolle und genie\u00dfen Sie einen beispiellosen Sitzkomfort.<\/p>\n","protected":false},"excerpt":{"rendered":"<h3 style=\"font-weight: 400;\">Bequemer Teakholzstuhl<\/h3>\n<p style=\"font-weight: 400;\">Der Termoli Sessel ist, wie die Lounge- und Sofagarnitur aus dieser Serie, eine stilvolle Erscheinung. Die Serie zeichnet sich durch ihren Retro-Charakter aus und verweist auf subtile Weise auf das ber\u00fchmte Design des &#8216;directors chair&#8217; zur\u00fcck. Termoli hat eine breite und bequeme Sitzfl\u00e4che. Nettes Detail: Dieser Stuhl kann mit oder ohne Kissen verwendet werden. Die Sitzfl\u00e4che unter dem Kissen besteht aus Textilene (einem starken, leicht elastischen Kunststoff). Dieses Material passt sich der Form des K\u00f6rpers an und sorgt f\u00fcr einen angenehmen Sitzkomfort. Das abnehmbare Kissen ist mit unserem Premium-Outdoor-Stoff bezogen, einem pflegeleichten und wetterfesten Stoff.<\/p>\n","protected":false},"featured_media":59538,"comment_status":"closed","ping_status":"closed","template":"","meta":{"_acf_changed":false},"product_brand":[],"product_cat":[628],"product_tag":[],"material":[],"class_list":{"0":"post-12647","1":"product","2":"type-product","3":"status-publish","4":"has-post-thumbnail","6":"product_cat-stuhle","8":"first","9":"instock","10":"shipping-taxable","11":"product-type-simple"},"acf":[],"yoast_head":"<!-- This site is optimized with the Yoast SEO plugin v26.8 - https:\/\/yoast.com\/product\/yoast-seo-wordpress\/ -->\n<title>Entdecken Sie Termoli Stuhl | SUNS Outdoor Lifestyle<\/title>\n<meta name=\"description\" content=\"Suchen Sie einen Termoli-Stuhl? SUNS bietet stilvolle St\u00fchle mit Retro-Charakter, die mit oder ohne Kissen bequem sind und aus strapazierf\u00e4higem Teakholz und Textil bestehen.\" \/>\n<meta name=\"robots\" content=\"index, follow, max-snippet:-1, max-image-preview:large, max-video-preview:-1\" \/>\n<link rel=\"canonical\" href=\"https:\/\/hello-suns.com\/de\/produkte\/termoli-stuehle\/\" \/>\n<meta property=\"og:locale\" content=\"de_DE\" \/>\n<meta property=\"og:type\" content=\"article\" \/>\n<meta property=\"og:title\" content=\"Entdecken Sie Termoli Stuhl | SUNS Outdoor Lifestyle\" \/>\n<meta property=\"og:description\" content=\"Suchen Sie einen Termoli-Stuhl? SUNS bietet stilvolle St\u00fchle mit Retro-Charakter, die mit oder ohne Kissen bequem sind und aus strapazierf\u00e4higem Teakholz und Textil bestehen.\" \/>\n<meta property=\"og:url\" content=\"https:\/\/hello-suns.com\/de\/produkte\/termoli-stuehle\/\" \/>\n<meta property=\"og:site_name\" content=\"SUNS\" \/>\n<meta property=\"article:modified_time\" content=\"2026-03-09T10:31:51+00:00\" \/>\n<meta property=\"og:image\" content=\"https:\/\/hello-suns.com\/app\/uploads\/2025\/01\/Termoli-SUNS-Diningchair-TK-PDB-Free-25-1-1024x683.png\" \/>\n\t<meta property=\"og:image:width\" content=\"1024\" \/>\n\t<meta property=\"og:image:height\" content=\"683\" \/>\n\t<meta property=\"og:image:type\" content=\"image\/png\" \/>\n<meta name=\"twitter:card\" content=\"summary_large_image\" \/>\n<meta name=\"twitter:label1\" content=\"Est. reading time\" \/>\n\t<meta name=\"twitter:data1\" content=\"3 minutes\" \/>\n<script type=\"application\/ld+json\" class=\"yoast-schema-graph\">{\"@context\":\"https:\/\/schema.org\",\"@graph\":[{\"@type\":\"WebPage\",\"@id\":\"https:\/\/hello-suns.com\/de\/produkte\/termoli-stuehle\/\",\"url\":\"https:\/\/hello-suns.com\/de\/produkte\/termoli-stuehle\/\",\"name\":\"Entdecken Sie Termoli Stuhl | SUNS Outdoor Lifestyle\",\"isPartOf\":{\"@id\":\"https:\/\/hello-suns.com\/de\/#website\"},\"primaryImageOfPage\":{\"@id\":\"https:\/\/hello-suns.com\/de\/produkte\/termoli-stuehle\/#primaryimage\"},\"image\":{\"@id\":\"https:\/\/hello-suns.com\/de\/produkte\/termoli-stuehle\/#primaryimage\"},\"thumbnailUrl\":\"https:\/\/hello-suns.com\/app\/uploads\/2025\/01\/Termoli-SUNS-Diningchair-TK-PDB-Free-25-1-scaled.png\",\"datePublished\":\"2025-01-16T14:45:50+00:00\",\"dateModified\":\"2026-03-09T10:31:51+00:00\",\"description\":\"Suchen Sie einen Termoli-Stuhl? SUNS bietet stilvolle St\u00fchle mit Retro-Charakter, die mit oder ohne Kissen bequem sind und aus strapazierf\u00e4higem Teakholz und Textil bestehen.\",\"breadcrumb\":{\"@id\":\"https:\/\/hello-suns.com\/de\/produkte\/termoli-stuehle\/#breadcrumb\"},\"inLanguage\":\"de-DE\",\"potentialAction\":[{\"@type\":\"ReadAction\",\"target\":[\"https:\/\/hello-suns.com\/de\/produkte\/termoli-stuehle\/\"]}]},{\"@type\":\"ImageObject\",\"inLanguage\":\"de-DE\",\"@id\":\"https:\/\/hello-suns.com\/de\/produkte\/termoli-stuehle\/#primaryimage\",\"url\":\"https:\/\/hello-suns.com\/app\/uploads\/2025\/01\/Termoli-SUNS-Diningchair-TK-PDB-Free-25-1-scaled.png\",\"contentUrl\":\"https:\/\/hello-suns.com\/app\/uploads\/2025\/01\/Termoli-SUNS-Diningchair-TK-PDB-Free-25-1-scaled.png\",\"width\":3920,\"height\":2615},{\"@type\":\"BreadcrumbList\",\"@id\":\"https:\/\/hello-suns.com\/de\/produkte\/termoli-stuehle\/#breadcrumb\",\"itemListElement\":[{\"@type\":\"ListItem\",\"position\":1,\"name\":\"\",\"item\":\"https:\/\/hello-suns.com\/de\/\"},{\"@type\":\"ListItem\",\"position\":2,\"name\":\"Produkte\",\"item\":\"https:\/\/hello-suns.com\/de\/produkte\/\"},{\"@type\":\"ListItem\",\"position\":3,\"name\":\"Termoli\"}]},{\"@type\":\"WebSite\",\"@id\":\"https:\/\/hello-suns.com\/de\/#website\",\"url\":\"https:\/\/hello-suns.com\/de\/\",\"name\":\"SUNS\",\"description\":\"Outdoor Lifestyle\",\"potentialAction\":[{\"@type\":\"SearchAction\",\"target\":{\"@type\":\"EntryPoint\",\"urlTemplate\":\"https:\/\/hello-suns.com\/de\/?s={search_term_string}\"},\"query-input\":{\"@type\":\"PropertyValueSpecification\",\"valueRequired\":true,\"valueName\":\"search_term_string\"}}],\"inLanguage\":\"de-DE\"}]}<\/script>\n<!-- \/ Yoast SEO plugin. -->","yoast_head_json":{"title":"Entdecken Sie Termoli Stuhl | SUNS Outdoor Lifestyle","description":"Suchen Sie einen Termoli-Stuhl? SUNS bietet stilvolle St\u00fchle mit Retro-Charakter, die mit oder ohne Kissen bequem sind und aus strapazierf\u00e4higem Teakholz und Textil bestehen.","robots":{"index":"index","follow":"follow","max-snippet":"max-snippet:-1","max-image-preview":"max-image-preview:large","max-video-preview":"max-video-preview:-1"},"canonical":"https:\/\/hello-suns.com\/de\/produkte\/termoli-stuehle\/","og_locale":"de_DE","og_type":"article","og_title":"Entdecken Sie Termoli Stuhl | SUNS Outdoor Lifestyle","og_description":"Suchen Sie einen Termoli-Stuhl? SUNS bietet stilvolle St\u00fchle mit Retro-Charakter, die mit oder ohne Kissen bequem sind und aus strapazierf\u00e4higem Teakholz und Textil bestehen.","og_url":"https:\/\/hello-suns.com\/de\/produkte\/termoli-stuehle\/","og_site_name":"SUNS","article_modified_time":"2026-03-09T10:31:51+00:00","og_image":[{"width":1024,"height":683,"url":"https:\/\/hello-suns.com\/app\/uploads\/2025\/01\/Termoli-SUNS-Diningchair-TK-PDB-Free-25-1-1024x683.png","type":"image\/png"}],"twitter_card":"summary_large_image","twitter_misc":{"Est. reading time":"3 minutes"},"schema":{"@context":"https:\/\/schema.org","@graph":[{"@type":"WebPage","@id":"https:\/\/hello-suns.com\/de\/produkte\/termoli-stuehle\/","url":"https:\/\/hello-suns.com\/de\/produkte\/termoli-stuehle\/","name":"Entdecken Sie Termoli Stuhl | SUNS Outdoor Lifestyle","isPartOf":{"@id":"https:\/\/hello-suns.com\/de\/#website"},"primaryImageOfPage":{"@id":"https:\/\/hello-suns.com\/de\/produkte\/termoli-stuehle\/#primaryimage"},"image":{"@id":"https:\/\/hello-suns.com\/de\/produkte\/termoli-stuehle\/#primaryimage"},"thumbnailUrl":"https:\/\/hello-suns.com\/app\/uploads\/2025\/01\/Termoli-SUNS-Diningchair-TK-PDB-Free-25-1-scaled.png","datePublished":"2025-01-16T14:45:50+00:00","dateModified":"2026-03-09T10:31:51+00:00","description":"Suchen Sie einen Termoli-Stuhl? SUNS bietet stilvolle St\u00fchle mit Retro-Charakter, die mit oder ohne Kissen bequem sind und aus strapazierf\u00e4higem Teakholz und Textil bestehen.","breadcrumb":{"@id":"https:\/\/hello-suns.com\/de\/produkte\/termoli-stuehle\/#breadcrumb"},"inLanguage":"de-DE","potentialAction":[{"@type":"ReadAction","target":["https:\/\/hello-suns.com\/de\/produkte\/termoli-stuehle\/"]}]},{"@type":"ImageObject","inLanguage":"de-DE","@id":"https:\/\/hello-suns.com\/de\/produkte\/termoli-stuehle\/#primaryimage","url":"https:\/\/hello-suns.com\/app\/uploads\/2025\/01\/Termoli-SUNS-Diningchair-TK-PDB-Free-25-1-scaled.png","contentUrl":"https:\/\/hello-suns.com\/app\/uploads\/2025\/01\/Termoli-SUNS-Diningchair-TK-PDB-Free-25-1-scaled.png","width":3920,"height":2615},{"@type":"BreadcrumbList","@id":"https:\/\/hello-suns.com\/de\/produkte\/termoli-stuehle\/#breadcrumb","itemListElement":[{"@type":"ListItem","position":1,"name":"","item":"https:\/\/hello-suns.com\/de\/"},{"@type":"ListItem","position":2,"name":"Produkte","item":"https:\/\/hello-suns.com\/de\/produkte\/"},{"@type":"ListItem","position":3,"name":"Termoli"}]},{"@type":"WebSite","@id":"https:\/\/hello-suns.com\/de\/#website","url":"https:\/\/hello-suns.com\/de\/","name":"SUNS","description":"Outdoor Lifestyle","potentialAction":[{"@type":"SearchAction","target":{"@type":"EntryPoint","urlTemplate":"https:\/\/hello-suns.com\/de\/?s={search_term_string}"},"query-input":{"@type":"PropertyValueSpecification","valueRequired":true,"valueName":"search_term_string"}}],"inLanguage":"de-DE"}]}},"_links":{"self":[{"href":"https:\/\/hello-suns.com\/de\/wp-json\/wp\/v2\/product\/12647","targetHints":{"allow":["GET"]}}],"collection":[{"href":"https:\/\/hello-suns.com\/de\/wp-json\/wp\/v2\/product"}],"about":[{"href":"https:\/\/hello-suns.com\/de\/wp-json\/wp\/v2\/types\/product"}],"replies":[{"embeddable":true,"href":"https:\/\/hello-suns.com\/de\/wp-json\/wp\/v2\/comments?post=12647"}],"wp:featuredmedia":[{"embeddable":true,"href":"https:\/\/hello-suns.com\/de\/wp-json\/wp\/v2\/media\/59538"}],"wp:attachment":[{"href":"https:\/\/hello-suns.com\/de\/wp-json\/wp\/v2\/media?parent=12647"}],"wp:term":[{"taxonomy":"product_brand","embeddable":true,"href":"https:\/\/hello-suns.com\/de\/wp-json\/wp\/v2\/product_brand?post=12647"},{"taxonomy":"product_cat","embeddable":true,"href":"https:\/\/hello-suns.com\/de\/wp-json\/wp\/v2\/product_cat?post=12647"},{"taxonomy":"product_tag","embeddable":true,"href":"https:\/\/hello-suns.com\/de\/wp-json\/wp\/v2\/product_tag?post=12647"},{"taxonomy":"material","embeddable":true,"href":"https:\/\/hello-suns.com\/de\/wp-json\/wp\/v2\/material?post=12647"}],"curies":[{"name":"wp","href":"https:\/\/api.w.org\/{rel}","templated":true}]}}