{"id":12604,"date":"2025-01-20T09:37:17","date_gmt":"2025-01-20T08:37:17","guid":{"rendered":"https:\/\/hello-suns.com\/producten\/pemba\/"},"modified":"2026-03-23T17:16:06","modified_gmt":"2026-03-23T16:16:06","slug":"pemba-bar-sets","status":"publish","type":"product","link":"https:\/\/hello-suns.com\/de\/produkte\/pemba-bar-sets\/","title":{"rendered":"Pemba"},"content":{"rendered":"<h2 style=\"font-weight: 400;\">Reisen, ohne sich zu bewegen<\/h2>\n<p style=\"font-weight: 400;\">Mit dem Barhocker Pemba bringen Sie sommerliche Reiseziele in Ihre N\u00e4he. Ohne von Ihrem Stuhl aufzustehen. <\/p>\n","protected":false},"excerpt":{"rendered":"<h3 style=\"font-weight: 400;\">Organische Formen, sch\u00f6ner Sitz<\/h3>\n<p data-start=\"44\" data-end=\"281\">Der Barhocker Pemba ist sofort an seiner elegant geformten R\u00fcckenlehne zu erkennen. Seine flie\u00dfenden Linien und die gro\u00dfz\u00fcgige Schale sorgen f\u00fcr eine entspannte Sitzposition. Ein Stuhl, der zum Sitzenbleiben einl\u00e4dt. F\u00fcr lange Gespr\u00e4che und laue Abende im Freien.   <\/p>\n<p data-start=\"283\" data-end=\"608\">Pemba ist in vollst\u00e4ndig zertifiziertem Teakholz mit einem warmen, nat\u00fcrlichen Look erh\u00e4ltlich. Es gibt auch eine Version in Vollaluminium in der Farbe Champagne. Dieser Farbton f\u00e4ngt das Sonnenlicht mit einem subtilen Schimmer ein, raffiniert und unaufdringlich. Beide Varianten sind wetterfest und f\u00fcr ein sorgloses Leben im Freien gemacht.   <\/p>\n<p data-start=\"610\" data-end=\"708\">Die Sitzfl\u00e4che aus hochwertigem Geflecht bietet robusten und bequemen Sitzkomfort, auch bei intensiver Nutzung. Kombinieren Sie Pemba mit den Bartischen aus unserer Kollektion und schaffen Sie ein stilvolles Ambiente, in dem alles passt. <\/p>\n","protected":false},"featured_media":57805,"comment_status":"closed","ping_status":"closed","template":"","meta":{"_acf_changed":false},"product_brand":[],"product_cat":[621],"product_tag":[],"material":[],"class_list":{"0":"post-12604","1":"product","2":"type-product","3":"status-publish","4":"has-post-thumbnail","6":"product_cat-bar-sets","8":"first","9":"instock","10":"shipping-taxable","11":"product-type-simple"},"acf":[],"yoast_head":"<!-- This site is optimized with the Yoast SEO plugin v26.8 - https:\/\/yoast.com\/product\/yoast-seo-wordpress\/ -->\n<title>Entdecken Sie Pemba Barstool | SUNS Gartenm\u00f6bel<\/title>\n<meta name=\"description\" content=\"Sie suchen einen pemba Barhocker? SUNS bietet hochwertige pemba Barst\u00fchle an, die Langlebigkeit und Design perfekt f\u00fcr einen modernen Au\u00dfenbereich kombinieren.\" \/>\n<meta name=\"robots\" content=\"index, follow, max-snippet:-1, max-image-preview:large, max-video-preview:-1\" \/>\n<link rel=\"canonical\" href=\"https:\/\/hello-suns.com\/de\/produkte\/pemba-bar-sets\/\" \/>\n<meta property=\"og:locale\" content=\"de_DE\" \/>\n<meta property=\"og:type\" content=\"article\" \/>\n<meta property=\"og:title\" content=\"Entdecken Sie Pemba Barstool | SUNS Gartenm\u00f6bel\" \/>\n<meta property=\"og:description\" content=\"Sie suchen einen pemba Barhocker? SUNS bietet hochwertige pemba Barst\u00fchle an, die Langlebigkeit und Design perfekt f\u00fcr einen modernen Au\u00dfenbereich kombinieren.\" \/>\n<meta property=\"og:url\" content=\"https:\/\/hello-suns.com\/de\/produkte\/pemba-bar-sets\/\" \/>\n<meta property=\"og:site_name\" content=\"SUNS\" \/>\n<meta property=\"article:modified_time\" content=\"2026-03-23T16:16:06+00:00\" \/>\n<meta property=\"og:image\" content=\"https:\/\/hello-suns.com\/app\/uploads\/2025\/01\/Pemba-SUNS-Barchairlow-CH-PDB-Free-26-1.png\" \/>\n\t<meta property=\"og:image:width\" content=\"3840\" \/>\n\t<meta property=\"og:image:height\" content=\"2560\" \/>\n\t<meta property=\"og:image:type\" content=\"image\/png\" \/>\n<meta name=\"twitter:card\" content=\"summary_large_image\" \/>\n<meta name=\"twitter:label1\" content=\"Est. reading time\" \/>\n\t<meta name=\"twitter:data1\" content=\"3 minutes\" \/>\n<script type=\"application\/ld+json\" class=\"yoast-schema-graph\">{\"@context\":\"https:\/\/schema.org\",\"@graph\":[{\"@type\":\"WebPage\",\"@id\":\"https:\/\/hello-suns.com\/de\/produkte\/pemba-bar-sets\/\",\"url\":\"https:\/\/hello-suns.com\/de\/produkte\/pemba-bar-sets\/\",\"name\":\"Entdecken Sie Pemba Barstool | SUNS Gartenm\u00f6bel\",\"isPartOf\":{\"@id\":\"https:\/\/hello-suns.com\/de\/#website\"},\"primaryImageOfPage\":{\"@id\":\"https:\/\/hello-suns.com\/de\/produkte\/pemba-bar-sets\/#primaryimage\"},\"image\":{\"@id\":\"https:\/\/hello-suns.com\/de\/produkte\/pemba-bar-sets\/#primaryimage\"},\"thumbnailUrl\":\"https:\/\/hello-suns.com\/app\/uploads\/2025\/01\/Pemba-SUNS-Barchairlow-CH-PDB-Free-26-1.png\",\"datePublished\":\"2025-01-20T08:37:17+00:00\",\"dateModified\":\"2026-03-23T16:16:06+00:00\",\"description\":\"Sie suchen einen pemba Barhocker? SUNS bietet hochwertige pemba Barst\u00fchle an, die Langlebigkeit und Design perfekt f\u00fcr einen modernen Au\u00dfenbereich kombinieren.\",\"breadcrumb\":{\"@id\":\"https:\/\/hello-suns.com\/de\/produkte\/pemba-bar-sets\/#breadcrumb\"},\"inLanguage\":\"de-DE\",\"potentialAction\":[{\"@type\":\"ReadAction\",\"target\":[\"https:\/\/hello-suns.com\/de\/produkte\/pemba-bar-sets\/\"]}]},{\"@type\":\"ImageObject\",\"inLanguage\":\"de-DE\",\"@id\":\"https:\/\/hello-suns.com\/de\/produkte\/pemba-bar-sets\/#primaryimage\",\"url\":\"https:\/\/hello-suns.com\/app\/uploads\/2025\/01\/Pemba-SUNS-Barchairlow-CH-PDB-Free-26-1.png\",\"contentUrl\":\"https:\/\/hello-suns.com\/app\/uploads\/2025\/01\/Pemba-SUNS-Barchairlow-CH-PDB-Free-26-1.png\",\"width\":3840,\"height\":2560},{\"@type\":\"BreadcrumbList\",\"@id\":\"https:\/\/hello-suns.com\/de\/produkte\/pemba-bar-sets\/#breadcrumb\",\"itemListElement\":[{\"@type\":\"ListItem\",\"position\":1,\"name\":\"\",\"item\":\"https:\/\/hello-suns.com\/de\/\"},{\"@type\":\"ListItem\",\"position\":2,\"name\":\"Produkte\",\"item\":\"https:\/\/hello-suns.com\/de\/produkte\/\"},{\"@type\":\"ListItem\",\"position\":3,\"name\":\"Pemba\"}]},{\"@type\":\"WebSite\",\"@id\":\"https:\/\/hello-suns.com\/de\/#website\",\"url\":\"https:\/\/hello-suns.com\/de\/\",\"name\":\"SUNS\",\"description\":\"Outdoor Lifestyle\",\"potentialAction\":[{\"@type\":\"SearchAction\",\"target\":{\"@type\":\"EntryPoint\",\"urlTemplate\":\"https:\/\/hello-suns.com\/de\/?s={search_term_string}\"},\"query-input\":{\"@type\":\"PropertyValueSpecification\",\"valueRequired\":true,\"valueName\":\"search_term_string\"}}],\"inLanguage\":\"de-DE\"}]}<\/script>\n<!-- \/ Yoast SEO plugin. -->","yoast_head_json":{"title":"Entdecken Sie Pemba Barstool | SUNS Gartenm\u00f6bel","description":"Sie suchen einen pemba Barhocker? SUNS bietet hochwertige pemba Barst\u00fchle an, die Langlebigkeit und Design perfekt f\u00fcr einen modernen Au\u00dfenbereich kombinieren.","robots":{"index":"index","follow":"follow","max-snippet":"max-snippet:-1","max-image-preview":"max-image-preview:large","max-video-preview":"max-video-preview:-1"},"canonical":"https:\/\/hello-suns.com\/de\/produkte\/pemba-bar-sets\/","og_locale":"de_DE","og_type":"article","og_title":"Entdecken Sie Pemba Barstool | SUNS Gartenm\u00f6bel","og_description":"Sie suchen einen pemba Barhocker? SUNS bietet hochwertige pemba Barst\u00fchle an, die Langlebigkeit und Design perfekt f\u00fcr einen modernen Au\u00dfenbereich kombinieren.","og_url":"https:\/\/hello-suns.com\/de\/produkte\/pemba-bar-sets\/","og_site_name":"SUNS","article_modified_time":"2026-03-23T16:16:06+00:00","og_image":[{"width":3840,"height":2560,"url":"https:\/\/hello-suns.com\/app\/uploads\/2025\/01\/Pemba-SUNS-Barchairlow-CH-PDB-Free-26-1.png","type":"image\/png"}],"twitter_card":"summary_large_image","twitter_misc":{"Est. reading time":"3 minutes"},"schema":{"@context":"https:\/\/schema.org","@graph":[{"@type":"WebPage","@id":"https:\/\/hello-suns.com\/de\/produkte\/pemba-bar-sets\/","url":"https:\/\/hello-suns.com\/de\/produkte\/pemba-bar-sets\/","name":"Entdecken Sie Pemba Barstool | SUNS Gartenm\u00f6bel","isPartOf":{"@id":"https:\/\/hello-suns.com\/de\/#website"},"primaryImageOfPage":{"@id":"https:\/\/hello-suns.com\/de\/produkte\/pemba-bar-sets\/#primaryimage"},"image":{"@id":"https:\/\/hello-suns.com\/de\/produkte\/pemba-bar-sets\/#primaryimage"},"thumbnailUrl":"https:\/\/hello-suns.com\/app\/uploads\/2025\/01\/Pemba-SUNS-Barchairlow-CH-PDB-Free-26-1.png","datePublished":"2025-01-20T08:37:17+00:00","dateModified":"2026-03-23T16:16:06+00:00","description":"Sie suchen einen pemba Barhocker? SUNS bietet hochwertige pemba Barst\u00fchle an, die Langlebigkeit und Design perfekt f\u00fcr einen modernen Au\u00dfenbereich kombinieren.","breadcrumb":{"@id":"https:\/\/hello-suns.com\/de\/produkte\/pemba-bar-sets\/#breadcrumb"},"inLanguage":"de-DE","potentialAction":[{"@type":"ReadAction","target":["https:\/\/hello-suns.com\/de\/produkte\/pemba-bar-sets\/"]}]},{"@type":"ImageObject","inLanguage":"de-DE","@id":"https:\/\/hello-suns.com\/de\/produkte\/pemba-bar-sets\/#primaryimage","url":"https:\/\/hello-suns.com\/app\/uploads\/2025\/01\/Pemba-SUNS-Barchairlow-CH-PDB-Free-26-1.png","contentUrl":"https:\/\/hello-suns.com\/app\/uploads\/2025\/01\/Pemba-SUNS-Barchairlow-CH-PDB-Free-26-1.png","width":3840,"height":2560},{"@type":"BreadcrumbList","@id":"https:\/\/hello-suns.com\/de\/produkte\/pemba-bar-sets\/#breadcrumb","itemListElement":[{"@type":"ListItem","position":1,"name":"","item":"https:\/\/hello-suns.com\/de\/"},{"@type":"ListItem","position":2,"name":"Produkte","item":"https:\/\/hello-suns.com\/de\/produkte\/"},{"@type":"ListItem","position":3,"name":"Pemba"}]},{"@type":"WebSite","@id":"https:\/\/hello-suns.com\/de\/#website","url":"https:\/\/hello-suns.com\/de\/","name":"SUNS","description":"Outdoor Lifestyle","potentialAction":[{"@type":"SearchAction","target":{"@type":"EntryPoint","urlTemplate":"https:\/\/hello-suns.com\/de\/?s={search_term_string}"},"query-input":{"@type":"PropertyValueSpecification","valueRequired":true,"valueName":"search_term_string"}}],"inLanguage":"de-DE"}]}},"_links":{"self":[{"href":"https:\/\/hello-suns.com\/de\/wp-json\/wp\/v2\/product\/12604","targetHints":{"allow":["GET"]}}],"collection":[{"href":"https:\/\/hello-suns.com\/de\/wp-json\/wp\/v2\/product"}],"about":[{"href":"https:\/\/hello-suns.com\/de\/wp-json\/wp\/v2\/types\/product"}],"replies":[{"embeddable":true,"href":"https:\/\/hello-suns.com\/de\/wp-json\/wp\/v2\/comments?post=12604"}],"wp:featuredmedia":[{"embeddable":true,"href":"https:\/\/hello-suns.com\/de\/wp-json\/wp\/v2\/media\/57805"}],"wp:attachment":[{"href":"https:\/\/hello-suns.com\/de\/wp-json\/wp\/v2\/media?parent=12604"}],"wp:term":[{"taxonomy":"product_brand","embeddable":true,"href":"https:\/\/hello-suns.com\/de\/wp-json\/wp\/v2\/product_brand?post=12604"},{"taxonomy":"product_cat","embeddable":true,"href":"https:\/\/hello-suns.com\/de\/wp-json\/wp\/v2\/product_cat?post=12604"},{"taxonomy":"product_tag","embeddable":true,"href":"https:\/\/hello-suns.com\/de\/wp-json\/wp\/v2\/product_tag?post=12604"},{"taxonomy":"material","embeddable":true,"href":"https:\/\/hello-suns.com\/de\/wp-json\/wp\/v2\/material?post=12604"}],"curies":[{"name":"wp","href":"https:\/\/api.w.org\/{rel}","templated":true}]}}