{"id":12603,"date":"2025-01-16T16:17:45","date_gmt":"2025-01-16T15:17:45","guid":{"rendered":"https:\/\/hello-suns.com\/producten\/vittoria\/"},"modified":"2026-02-11T09:13:29","modified_gmt":"2026-02-11T08:13:29","slug":"vittoria-stuehle","status":"publish","type":"product","link":"https:\/\/hello-suns.com\/de\/produkte\/vittoria-stuehle\/","title":{"rendered":"Vittoria"},"content":{"rendered":"<h2 style=\"font-weight: 400;\">Design mit nat\u00fcrlichen Reizen<\/h2>\n<p style=\"font-weight: 400;\">Vittoria schafft ein ausgewogenes Gleichgewicht zwischen stilvollem Design und einem nat\u00fcrlichen Touch. Genie\u00dfen Sie endlosen Sitzkomfort und charmante runde Formen. Entspannen Sie sich mit Stil.<\/p>\n","protected":false},"excerpt":{"rendered":"<h3 style=\"font-weight: 400;\">Bequemes Essen<\/h3>\n<p style=\"font-weight: 400;\">Vittoria ist ein ger\u00e4umiger und eleganter Stuhl, auf dem Sie problemlos einen langen Sommerabend verbringen k\u00f6nnen. Das Gestell aus Teakholz macht den Stuhl stilvoll und dennoch robust. Die Armlehnen haben raffinierte Details wie eine elegante Kurve. Zugleich kommt der nat\u00fcrliche Charakter des Holzes sch\u00f6n zur Geltung. Der Vittoria Stuhl zeichnet sich auch durch seinen Sitzkomfort aus. Die Sitz- und R\u00fcckenkissen sind reichlich gepolstert, was f\u00fcr guten Halt sorgt und sich weich anf\u00fchlt. Dank der Farbgebung l\u00e4sst sich der Stuhl leicht mit verschiedenen Tischen aus der SUNS-Kollektion kombinieren.<\/p>\n","protected":false},"featured_media":12610,"comment_status":"closed","ping_status":"closed","template":"","meta":{"_acf_changed":false},"product_brand":[],"product_cat":[628],"product_tag":[],"material":[],"class_list":{"0":"post-12603","1":"product","2":"type-product","3":"status-publish","4":"has-post-thumbnail","6":"product_cat-stuhle","8":"first","9":"instock","10":"shipping-taxable","11":"product-type-simple"},"acf":[],"yoast_head":"<!-- This site is optimized with the Yoast SEO plugin v26.8 - https:\/\/yoast.com\/product\/yoast-seo-wordpress\/ -->\n<title>Entdecken Sie Vittoria Stuhl | SUNS Outdoor Lifestyle<\/title>\n<meta name=\"description\" content=\"Suchen Sie einen Vittoria-Stuhl? SUNS bietet stilvolle St\u00fchle mit einem robusten Teakholzgestell und bequemen Kissen, die perfekt f\u00fcr einen modernen Garten sind.\" \/>\n<meta name=\"robots\" content=\"index, follow, max-snippet:-1, max-image-preview:large, max-video-preview:-1\" \/>\n<link rel=\"canonical\" href=\"https:\/\/hello-suns.com\/de\/produkte\/vittoria-stuehle\/\" \/>\n<meta property=\"og:locale\" content=\"de_DE\" \/>\n<meta property=\"og:type\" content=\"article\" \/>\n<meta property=\"og:title\" content=\"Entdecken Sie Vittoria Stuhl | SUNS Outdoor Lifestyle\" \/>\n<meta property=\"og:description\" content=\"Suchen Sie einen Vittoria-Stuhl? SUNS bietet stilvolle St\u00fchle mit einem robusten Teakholzgestell und bequemen Kissen, die perfekt f\u00fcr einen modernen Garten sind.\" \/>\n<meta property=\"og:url\" content=\"https:\/\/hello-suns.com\/de\/produkte\/vittoria-stuehle\/\" \/>\n<meta property=\"og:site_name\" content=\"SUNS\" \/>\n<meta property=\"article:modified_time\" content=\"2026-02-11T08:13:29+00:00\" \/>\n<meta property=\"og:image\" content=\"https:\/\/hello-suns.com\/app\/uploads\/2025\/01\/01_Diningchair_SUNS_Vittoria_rope-2500-pix-02.png\" \/>\n\t<meta property=\"og:image:width\" content=\"2500\" \/>\n\t<meta property=\"og:image:height\" content=\"1667\" \/>\n\t<meta property=\"og:image:type\" content=\"image\/png\" \/>\n<meta name=\"twitter:card\" content=\"summary_large_image\" \/>\n<meta name=\"twitter:label1\" content=\"Est. reading time\" \/>\n\t<meta name=\"twitter:data1\" content=\"2 minutes\" \/>\n<script type=\"application\/ld+json\" class=\"yoast-schema-graph\">{\"@context\":\"https:\/\/schema.org\",\"@graph\":[{\"@type\":\"WebPage\",\"@id\":\"https:\/\/hello-suns.com\/de\/produkte\/vittoria-stuehle\/\",\"url\":\"https:\/\/hello-suns.com\/de\/produkte\/vittoria-stuehle\/\",\"name\":\"Entdecken Sie Vittoria Stuhl | SUNS Outdoor Lifestyle\",\"isPartOf\":{\"@id\":\"https:\/\/hello-suns.com\/de\/#website\"},\"primaryImageOfPage\":{\"@id\":\"https:\/\/hello-suns.com\/de\/produkte\/vittoria-stuehle\/#primaryimage\"},\"image\":{\"@id\":\"https:\/\/hello-suns.com\/de\/produkte\/vittoria-stuehle\/#primaryimage\"},\"thumbnailUrl\":\"https:\/\/hello-suns.com\/app\/uploads\/2025\/01\/01_Diningchair_SUNS_Vittoria_rope-2500-pix-02.png\",\"datePublished\":\"2025-01-16T15:17:45+00:00\",\"dateModified\":\"2026-02-11T08:13:29+00:00\",\"description\":\"Suchen Sie einen Vittoria-Stuhl? SUNS bietet stilvolle St\u00fchle mit einem robusten Teakholzgestell und bequemen Kissen, die perfekt f\u00fcr einen modernen Garten sind.\",\"breadcrumb\":{\"@id\":\"https:\/\/hello-suns.com\/de\/produkte\/vittoria-stuehle\/#breadcrumb\"},\"inLanguage\":\"de-DE\",\"potentialAction\":[{\"@type\":\"ReadAction\",\"target\":[\"https:\/\/hello-suns.com\/de\/produkte\/vittoria-stuehle\/\"]}]},{\"@type\":\"ImageObject\",\"inLanguage\":\"de-DE\",\"@id\":\"https:\/\/hello-suns.com\/de\/produkte\/vittoria-stuehle\/#primaryimage\",\"url\":\"https:\/\/hello-suns.com\/app\/uploads\/2025\/01\/01_Diningchair_SUNS_Vittoria_rope-2500-pix-02.png\",\"contentUrl\":\"https:\/\/hello-suns.com\/app\/uploads\/2025\/01\/01_Diningchair_SUNS_Vittoria_rope-2500-pix-02.png\",\"width\":2500,\"height\":1667},{\"@type\":\"BreadcrumbList\",\"@id\":\"https:\/\/hello-suns.com\/de\/produkte\/vittoria-stuehle\/#breadcrumb\",\"itemListElement\":[{\"@type\":\"ListItem\",\"position\":1,\"name\":\"\",\"item\":\"https:\/\/hello-suns.com\/de\/\"},{\"@type\":\"ListItem\",\"position\":2,\"name\":\"Produkte\",\"item\":\"https:\/\/hello-suns.com\/de\/produkte\/\"},{\"@type\":\"ListItem\",\"position\":3,\"name\":\"Vittoria\"}]},{\"@type\":\"WebSite\",\"@id\":\"https:\/\/hello-suns.com\/de\/#website\",\"url\":\"https:\/\/hello-suns.com\/de\/\",\"name\":\"SUNS\",\"description\":\"Outdoor Lifestyle\",\"potentialAction\":[{\"@type\":\"SearchAction\",\"target\":{\"@type\":\"EntryPoint\",\"urlTemplate\":\"https:\/\/hello-suns.com\/de\/?s={search_term_string}\"},\"query-input\":{\"@type\":\"PropertyValueSpecification\",\"valueRequired\":true,\"valueName\":\"search_term_string\"}}],\"inLanguage\":\"de-DE\"}]}<\/script>\n<!-- \/ Yoast SEO plugin. -->","yoast_head_json":{"title":"Entdecken Sie Vittoria Stuhl | SUNS Outdoor Lifestyle","description":"Suchen Sie einen Vittoria-Stuhl? SUNS bietet stilvolle St\u00fchle mit einem robusten Teakholzgestell und bequemen Kissen, die perfekt f\u00fcr einen modernen Garten sind.","robots":{"index":"index","follow":"follow","max-snippet":"max-snippet:-1","max-image-preview":"max-image-preview:large","max-video-preview":"max-video-preview:-1"},"canonical":"https:\/\/hello-suns.com\/de\/produkte\/vittoria-stuehle\/","og_locale":"de_DE","og_type":"article","og_title":"Entdecken Sie Vittoria Stuhl | SUNS Outdoor Lifestyle","og_description":"Suchen Sie einen Vittoria-Stuhl? SUNS bietet stilvolle St\u00fchle mit einem robusten Teakholzgestell und bequemen Kissen, die perfekt f\u00fcr einen modernen Garten sind.","og_url":"https:\/\/hello-suns.com\/de\/produkte\/vittoria-stuehle\/","og_site_name":"SUNS","article_modified_time":"2026-02-11T08:13:29+00:00","og_image":[{"width":2500,"height":1667,"url":"https:\/\/hello-suns.com\/app\/uploads\/2025\/01\/01_Diningchair_SUNS_Vittoria_rope-2500-pix-02.png","type":"image\/png"}],"twitter_card":"summary_large_image","twitter_misc":{"Est. reading time":"2 minutes"},"schema":{"@context":"https:\/\/schema.org","@graph":[{"@type":"WebPage","@id":"https:\/\/hello-suns.com\/de\/produkte\/vittoria-stuehle\/","url":"https:\/\/hello-suns.com\/de\/produkte\/vittoria-stuehle\/","name":"Entdecken Sie Vittoria Stuhl | SUNS Outdoor Lifestyle","isPartOf":{"@id":"https:\/\/hello-suns.com\/de\/#website"},"primaryImageOfPage":{"@id":"https:\/\/hello-suns.com\/de\/produkte\/vittoria-stuehle\/#primaryimage"},"image":{"@id":"https:\/\/hello-suns.com\/de\/produkte\/vittoria-stuehle\/#primaryimage"},"thumbnailUrl":"https:\/\/hello-suns.com\/app\/uploads\/2025\/01\/01_Diningchair_SUNS_Vittoria_rope-2500-pix-02.png","datePublished":"2025-01-16T15:17:45+00:00","dateModified":"2026-02-11T08:13:29+00:00","description":"Suchen Sie einen Vittoria-Stuhl? SUNS bietet stilvolle St\u00fchle mit einem robusten Teakholzgestell und bequemen Kissen, die perfekt f\u00fcr einen modernen Garten sind.","breadcrumb":{"@id":"https:\/\/hello-suns.com\/de\/produkte\/vittoria-stuehle\/#breadcrumb"},"inLanguage":"de-DE","potentialAction":[{"@type":"ReadAction","target":["https:\/\/hello-suns.com\/de\/produkte\/vittoria-stuehle\/"]}]},{"@type":"ImageObject","inLanguage":"de-DE","@id":"https:\/\/hello-suns.com\/de\/produkte\/vittoria-stuehle\/#primaryimage","url":"https:\/\/hello-suns.com\/app\/uploads\/2025\/01\/01_Diningchair_SUNS_Vittoria_rope-2500-pix-02.png","contentUrl":"https:\/\/hello-suns.com\/app\/uploads\/2025\/01\/01_Diningchair_SUNS_Vittoria_rope-2500-pix-02.png","width":2500,"height":1667},{"@type":"BreadcrumbList","@id":"https:\/\/hello-suns.com\/de\/produkte\/vittoria-stuehle\/#breadcrumb","itemListElement":[{"@type":"ListItem","position":1,"name":"","item":"https:\/\/hello-suns.com\/de\/"},{"@type":"ListItem","position":2,"name":"Produkte","item":"https:\/\/hello-suns.com\/de\/produkte\/"},{"@type":"ListItem","position":3,"name":"Vittoria"}]},{"@type":"WebSite","@id":"https:\/\/hello-suns.com\/de\/#website","url":"https:\/\/hello-suns.com\/de\/","name":"SUNS","description":"Outdoor Lifestyle","potentialAction":[{"@type":"SearchAction","target":{"@type":"EntryPoint","urlTemplate":"https:\/\/hello-suns.com\/de\/?s={search_term_string}"},"query-input":{"@type":"PropertyValueSpecification","valueRequired":true,"valueName":"search_term_string"}}],"inLanguage":"de-DE"}]}},"_links":{"self":[{"href":"https:\/\/hello-suns.com\/de\/wp-json\/wp\/v2\/product\/12603","targetHints":{"allow":["GET"]}}],"collection":[{"href":"https:\/\/hello-suns.com\/de\/wp-json\/wp\/v2\/product"}],"about":[{"href":"https:\/\/hello-suns.com\/de\/wp-json\/wp\/v2\/types\/product"}],"replies":[{"embeddable":true,"href":"https:\/\/hello-suns.com\/de\/wp-json\/wp\/v2\/comments?post=12603"}],"wp:featuredmedia":[{"embeddable":true,"href":"https:\/\/hello-suns.com\/de\/wp-json\/wp\/v2\/media\/12610"}],"wp:attachment":[{"href":"https:\/\/hello-suns.com\/de\/wp-json\/wp\/v2\/media?parent=12603"}],"wp:term":[{"taxonomy":"product_brand","embeddable":true,"href":"https:\/\/hello-suns.com\/de\/wp-json\/wp\/v2\/product_brand?post=12603"},{"taxonomy":"product_cat","embeddable":true,"href":"https:\/\/hello-suns.com\/de\/wp-json\/wp\/v2\/product_cat?post=12603"},{"taxonomy":"product_tag","embeddable":true,"href":"https:\/\/hello-suns.com\/de\/wp-json\/wp\/v2\/product_tag?post=12603"},{"taxonomy":"material","embeddable":true,"href":"https:\/\/hello-suns.com\/de\/wp-json\/wp\/v2\/material?post=12603"}],"curies":[{"name":"wp","href":"https:\/\/api.w.org\/{rel}","templated":true}]}}