{"id":12492,"date":"2025-01-27T10:16:28","date_gmt":"2025-01-27T09:16:28","guid":{"rendered":"https:\/\/hello-suns.com\/producten\/deckt-ab\/"},"modified":"2026-03-30T17:09:50","modified_gmt":"2026-03-30T15:09:50","slug":"deckt-ab","status":"publish","type":"product","link":"https:\/\/hello-suns.com\/de\/produkte\/deckt-ab\/","title":{"rendered":"Deckt  ab."},"content":{"rendered":"<h2 style=\"font-weight: 400;\">Eine passende H\u00fclle f\u00fcr jedes Set<\/h2>\n<p class=\"p1\">Sch\u00fctzen Sie Ihre Gartenm\u00f6bel im Winter und genie\u00dfen Sie im Sommer sofort ein strahlendes Leben im Freien &#8211; ohne den Aufwand einer gro\u00dfen Reinigung.<\/p>\n","protected":false},"excerpt":{"rendered":"<h3 style=\"font-weight: 400;\">Der ultimative Schutz<\/h3>\n<p class=\"p1\">Premium-Schutz f\u00fcr Ihre Gartenm\u00f6bel mit den hochwertigen Abdeckungen von SUNS. Diese robusten Abdeckungen aus Segeltuch sch\u00fctzen Ihre Gartenm\u00f6bel vor den Elementen und sind wasserdicht, farbecht und atmungsaktiv. Jede Abdeckung ist auf Langlebigkeit ausgelegt, passt perfekt und h\u00e4lt Ihre M\u00f6bel das ganze Jahr \u00fcber in bestem Zustand. Au\u00dferdem werden sie mit einer praktischen Aufbewahrungstasche geliefert, in der Sie sie leicht verstauen k\u00f6nnen, wenn sie nicht in Gebrauch sind. Dank des atmungsaktiven Gewebes sind unsere Bez\u00fcge perfekt f\u00fcr Teakholzm\u00f6bel geeignet. Die Abdeckungen sind ausschlie\u00dflich f\u00fcr den Gebrauch auf trockenen Produkten vorgesehen; decken Sie M\u00f6bel niemals nass ab, um Schimmel und Sch\u00e4den zu vermeiden.<\/p>\n<p>Suchen Sie nach einem passenden Bezug? <a href=\"https:\/\/hello-suns.com\/de\/kontakt\/\">Kontaktieren Sie uns<\/a>, um herauszufinden, welcher Bezug zu Ihren Gartenm\u00f6beln passt.<\/p>\n","protected":false},"featured_media":12494,"comment_status":"closed","ping_status":"closed","template":"","meta":{"_acf_changed":false},"product_brand":[],"product_cat":[623,624],"product_tag":[],"material":[],"class_list":{"0":"post-12492","1":"product","2":"type-product","3":"status-publish","4":"has-post-thumbnail","6":"product_cat-schutzen-sie","7":"product_cat-schutzhullen","9":"first","10":"instock","11":"shipping-taxable","12":"product-type-simple"},"acf":[],"yoast_head":"<!-- This site is optimized with the Yoast SEO plugin v26.8 - https:\/\/yoast.com\/product\/yoast-seo-wordpress\/ -->\n<title>Entdecken Sie Abdeckungen | SUNS Outdoor Lifestyle<\/title>\n<meta name=\"description\" content=\"Suchen Sie Bez\u00fcge? SUNS bietet hochwertige Bez\u00fcge, die superstark, wasserabweisend, farbecht, langlebig und atmungsaktiv sind.\" \/>\n<meta name=\"robots\" content=\"index, follow, max-snippet:-1, max-image-preview:large, max-video-preview:-1\" \/>\n<link rel=\"canonical\" href=\"https:\/\/hello-suns.com\/de\/produkte\/deckt-ab\/\" \/>\n<meta property=\"og:locale\" content=\"de_DE\" \/>\n<meta property=\"og:type\" content=\"article\" \/>\n<meta property=\"og:title\" content=\"Entdecken Sie Abdeckungen | SUNS Outdoor Lifestyle\" \/>\n<meta property=\"og:description\" content=\"Suchen Sie Bez\u00fcge? SUNS bietet hochwertige Bez\u00fcge, die superstark, wasserabweisend, farbecht, langlebig und atmungsaktiv sind.\" \/>\n<meta property=\"og:url\" content=\"https:\/\/hello-suns.com\/de\/produkte\/deckt-ab\/\" \/>\n<meta property=\"og:site_name\" content=\"SUNS\" \/>\n<meta property=\"article:modified_time\" content=\"2026-03-30T15:09:50+00:00\" \/>\n<meta property=\"og:image\" content=\"https:\/\/hello-suns.com\/app\/uploads\/2025\/01\/01_Cover-SUNS-Daybed-Free-24-2-2500.png\" \/>\n\t<meta property=\"og:image:width\" content=\"2500\" \/>\n\t<meta property=\"og:image:height\" content=\"1667\" \/>\n\t<meta property=\"og:image:type\" content=\"image\/png\" \/>\n<meta name=\"twitter:card\" content=\"summary_large_image\" \/>\n<meta name=\"twitter:label1\" content=\"Est. reading time\" \/>\n\t<meta name=\"twitter:data1\" content=\"2 minutes\" \/>\n<script type=\"application\/ld+json\" class=\"yoast-schema-graph\">{\"@context\":\"https:\/\/schema.org\",\"@graph\":[{\"@type\":\"WebPage\",\"@id\":\"https:\/\/hello-suns.com\/de\/produkte\/deckt-ab\/\",\"url\":\"https:\/\/hello-suns.com\/de\/produkte\/deckt-ab\/\",\"name\":\"Entdecken Sie Abdeckungen | SUNS Outdoor Lifestyle\",\"isPartOf\":{\"@id\":\"https:\/\/hello-suns.com\/de\/#website\"},\"primaryImageOfPage\":{\"@id\":\"https:\/\/hello-suns.com\/de\/produkte\/deckt-ab\/#primaryimage\"},\"image\":{\"@id\":\"https:\/\/hello-suns.com\/de\/produkte\/deckt-ab\/#primaryimage\"},\"thumbnailUrl\":\"https:\/\/hello-suns.com\/app\/uploads\/2025\/01\/01_Cover-SUNS-Daybed-Free-24-2-2500.png\",\"datePublished\":\"2025-01-27T09:16:28+00:00\",\"dateModified\":\"2026-03-30T15:09:50+00:00\",\"description\":\"Suchen Sie Bez\u00fcge? SUNS bietet hochwertige Bez\u00fcge, die superstark, wasserabweisend, farbecht, langlebig und atmungsaktiv sind.\",\"breadcrumb\":{\"@id\":\"https:\/\/hello-suns.com\/de\/produkte\/deckt-ab\/#breadcrumb\"},\"inLanguage\":\"de-DE\",\"potentialAction\":[{\"@type\":\"ReadAction\",\"target\":[\"https:\/\/hello-suns.com\/de\/produkte\/deckt-ab\/\"]}]},{\"@type\":\"ImageObject\",\"inLanguage\":\"de-DE\",\"@id\":\"https:\/\/hello-suns.com\/de\/produkte\/deckt-ab\/#primaryimage\",\"url\":\"https:\/\/hello-suns.com\/app\/uploads\/2025\/01\/01_Cover-SUNS-Daybed-Free-24-2-2500.png\",\"contentUrl\":\"https:\/\/hello-suns.com\/app\/uploads\/2025\/01\/01_Cover-SUNS-Daybed-Free-24-2-2500.png\",\"width\":2500,\"height\":1667},{\"@type\":\"BreadcrumbList\",\"@id\":\"https:\/\/hello-suns.com\/de\/produkte\/deckt-ab\/#breadcrumb\",\"itemListElement\":[{\"@type\":\"ListItem\",\"position\":1,\"name\":\"\",\"item\":\"https:\/\/hello-suns.com\/de\/\"},{\"@type\":\"ListItem\",\"position\":2,\"name\":\"Produkte\",\"item\":\"https:\/\/hello-suns.com\/de\/produkte\/\"},{\"@type\":\"ListItem\",\"position\":3,\"name\":\"Deckt ab.\"}]},{\"@type\":\"WebSite\",\"@id\":\"https:\/\/hello-suns.com\/de\/#website\",\"url\":\"https:\/\/hello-suns.com\/de\/\",\"name\":\"SUNS\",\"description\":\"Outdoor Lifestyle\",\"potentialAction\":[{\"@type\":\"SearchAction\",\"target\":{\"@type\":\"EntryPoint\",\"urlTemplate\":\"https:\/\/hello-suns.com\/de\/?s={search_term_string}\"},\"query-input\":{\"@type\":\"PropertyValueSpecification\",\"valueRequired\":true,\"valueName\":\"search_term_string\"}}],\"inLanguage\":\"de-DE\"}]}<\/script>\n<!-- \/ Yoast SEO plugin. -->","yoast_head_json":{"title":"Entdecken Sie Abdeckungen | SUNS Outdoor Lifestyle","description":"Suchen Sie Bez\u00fcge? SUNS bietet hochwertige Bez\u00fcge, die superstark, wasserabweisend, farbecht, langlebig und atmungsaktiv sind.","robots":{"index":"index","follow":"follow","max-snippet":"max-snippet:-1","max-image-preview":"max-image-preview:large","max-video-preview":"max-video-preview:-1"},"canonical":"https:\/\/hello-suns.com\/de\/produkte\/deckt-ab\/","og_locale":"de_DE","og_type":"article","og_title":"Entdecken Sie Abdeckungen | SUNS Outdoor Lifestyle","og_description":"Suchen Sie Bez\u00fcge? SUNS bietet hochwertige Bez\u00fcge, die superstark, wasserabweisend, farbecht, langlebig und atmungsaktiv sind.","og_url":"https:\/\/hello-suns.com\/de\/produkte\/deckt-ab\/","og_site_name":"SUNS","article_modified_time":"2026-03-30T15:09:50+00:00","og_image":[{"width":2500,"height":1667,"url":"https:\/\/hello-suns.com\/app\/uploads\/2025\/01\/01_Cover-SUNS-Daybed-Free-24-2-2500.png","type":"image\/png"}],"twitter_card":"summary_large_image","twitter_misc":{"Est. reading time":"2 minutes"},"schema":{"@context":"https:\/\/schema.org","@graph":[{"@type":"WebPage","@id":"https:\/\/hello-suns.com\/de\/produkte\/deckt-ab\/","url":"https:\/\/hello-suns.com\/de\/produkte\/deckt-ab\/","name":"Entdecken Sie Abdeckungen | SUNS Outdoor Lifestyle","isPartOf":{"@id":"https:\/\/hello-suns.com\/de\/#website"},"primaryImageOfPage":{"@id":"https:\/\/hello-suns.com\/de\/produkte\/deckt-ab\/#primaryimage"},"image":{"@id":"https:\/\/hello-suns.com\/de\/produkte\/deckt-ab\/#primaryimage"},"thumbnailUrl":"https:\/\/hello-suns.com\/app\/uploads\/2025\/01\/01_Cover-SUNS-Daybed-Free-24-2-2500.png","datePublished":"2025-01-27T09:16:28+00:00","dateModified":"2026-03-30T15:09:50+00:00","description":"Suchen Sie Bez\u00fcge? SUNS bietet hochwertige Bez\u00fcge, die superstark, wasserabweisend, farbecht, langlebig und atmungsaktiv sind.","breadcrumb":{"@id":"https:\/\/hello-suns.com\/de\/produkte\/deckt-ab\/#breadcrumb"},"inLanguage":"de-DE","potentialAction":[{"@type":"ReadAction","target":["https:\/\/hello-suns.com\/de\/produkte\/deckt-ab\/"]}]},{"@type":"ImageObject","inLanguage":"de-DE","@id":"https:\/\/hello-suns.com\/de\/produkte\/deckt-ab\/#primaryimage","url":"https:\/\/hello-suns.com\/app\/uploads\/2025\/01\/01_Cover-SUNS-Daybed-Free-24-2-2500.png","contentUrl":"https:\/\/hello-suns.com\/app\/uploads\/2025\/01\/01_Cover-SUNS-Daybed-Free-24-2-2500.png","width":2500,"height":1667},{"@type":"BreadcrumbList","@id":"https:\/\/hello-suns.com\/de\/produkte\/deckt-ab\/#breadcrumb","itemListElement":[{"@type":"ListItem","position":1,"name":"","item":"https:\/\/hello-suns.com\/de\/"},{"@type":"ListItem","position":2,"name":"Produkte","item":"https:\/\/hello-suns.com\/de\/produkte\/"},{"@type":"ListItem","position":3,"name":"Deckt ab."}]},{"@type":"WebSite","@id":"https:\/\/hello-suns.com\/de\/#website","url":"https:\/\/hello-suns.com\/de\/","name":"SUNS","description":"Outdoor Lifestyle","potentialAction":[{"@type":"SearchAction","target":{"@type":"EntryPoint","urlTemplate":"https:\/\/hello-suns.com\/de\/?s={search_term_string}"},"query-input":{"@type":"PropertyValueSpecification","valueRequired":true,"valueName":"search_term_string"}}],"inLanguage":"de-DE"}]}},"_links":{"self":[{"href":"https:\/\/hello-suns.com\/de\/wp-json\/wp\/v2\/product\/12492","targetHints":{"allow":["GET"]}}],"collection":[{"href":"https:\/\/hello-suns.com\/de\/wp-json\/wp\/v2\/product"}],"about":[{"href":"https:\/\/hello-suns.com\/de\/wp-json\/wp\/v2\/types\/product"}],"replies":[{"embeddable":true,"href":"https:\/\/hello-suns.com\/de\/wp-json\/wp\/v2\/comments?post=12492"}],"wp:featuredmedia":[{"embeddable":true,"href":"https:\/\/hello-suns.com\/de\/wp-json\/wp\/v2\/media\/12494"}],"wp:attachment":[{"href":"https:\/\/hello-suns.com\/de\/wp-json\/wp\/v2\/media?parent=12492"}],"wp:term":[{"taxonomy":"product_brand","embeddable":true,"href":"https:\/\/hello-suns.com\/de\/wp-json\/wp\/v2\/product_brand?post=12492"},{"taxonomy":"product_cat","embeddable":true,"href":"https:\/\/hello-suns.com\/de\/wp-json\/wp\/v2\/product_cat?post=12492"},{"taxonomy":"product_tag","embeddable":true,"href":"https:\/\/hello-suns.com\/de\/wp-json\/wp\/v2\/product_tag?post=12492"},{"taxonomy":"material","embeddable":true,"href":"https:\/\/hello-suns.com\/de\/wp-json\/wp\/v2\/material?post=12492"}],"curies":[{"name":"wp","href":"https:\/\/api.w.org\/{rel}","templated":true}]}}