{"id":55033,"date":"2026-02-16T15:20:23","date_gmt":"2026-02-16T14:20:23","guid":{"rendered":"https:\/\/hello-suns.com\/?page_id=55033"},"modified":"2026-03-30T15:14:54","modified_gmt":"2026-03-30T13:14:54","slug":"salone-del-mobile-milano-2026","status":"publish","type":"page","link":"https:\/\/hello-suns.com\/de\/salone-del-mobile-milano-2026\/","title":{"rendered":"Salone del Mobile.Milano 2026"},"content":{"rendered":"","protected":false},"excerpt":{"rendered":"","protected":false},"author":2,"featured_media":0,"parent":0,"menu_order":0,"comment_status":"closed","ping_status":"closed","template":"","meta":{"_acf_changed":false,"footnotes":""},"class_list":["post-55033","page","type-page","status-publish","hentry"],"acf":[],"yoast_head":"<!-- This site is optimized with the Yoast SEO plugin v26.8 - https:\/\/yoast.com\/product\/yoast-seo-wordpress\/ -->\n<title>Die erste niederl\u00e4ndische Outdoor-Lifestyle-Marke in Mailand.<\/title>\n<meta name=\"description\" content=\"SUNS Outdoor Lifestyle markiert im Jahr 2026 einen historischen Moment in der niederl\u00e4ndischen Designgeschichte. Die Marke ist die erste niederl\u00e4ndische Outdoor-Lifestyle-Marke \u00fcberhaupt, die offiziell zum Salone del Mobile zugelassen wird.\" \/>\n<meta name=\"robots\" content=\"index, follow, max-snippet:-1, max-image-preview:large, max-video-preview:-1\" \/>\n<link rel=\"canonical\" href=\"https:\/\/hello-suns.com\/de\/salone-del-mobile-milano-2026\/\" \/>\n<meta property=\"og:locale\" content=\"de_DE\" \/>\n<meta property=\"og:type\" content=\"article\" \/>\n<meta property=\"og:title\" content=\"Die erste niederl\u00e4ndische Outdoor-Lifestyle-Marke in Mailand.\" \/>\n<meta property=\"og:description\" content=\"SUNS Outdoor Lifestyle markiert im Jahr 2026 einen historischen Moment in der niederl\u00e4ndischen Designgeschichte. Die Marke ist die erste niederl\u00e4ndische Outdoor-Lifestyle-Marke \u00fcberhaupt, die offiziell zum Salone del Mobile zugelassen wird.\" \/>\n<meta property=\"og:url\" content=\"https:\/\/hello-suns.com\/de\/salone-del-mobile-milano-2026\/\" \/>\n<meta property=\"og:site_name\" content=\"SUNS\" \/>\n<meta property=\"article:modified_time\" content=\"2026-03-30T13:14:54+00:00\" \/>\n<meta name=\"twitter:card\" content=\"summary_large_image\" \/>\n<meta name=\"twitter:label1\" content=\"Est. reading time\" \/>\n\t<meta name=\"twitter:data1\" content=\"7 minutes\" \/>\n<script type=\"application\/ld+json\" class=\"yoast-schema-graph\">{\"@context\":\"https:\/\/schema.org\",\"@graph\":[{\"@type\":\"WebPage\",\"@id\":\"https:\/\/hello-suns.com\/de\/salone-del-mobile-milano-2026\/\",\"url\":\"https:\/\/hello-suns.com\/de\/salone-del-mobile-milano-2026\/\",\"name\":\"Die erste niederl\u00e4ndische Outdoor-Lifestyle-Marke in Mailand.\",\"isPartOf\":{\"@id\":\"https:\/\/hello-suns.com\/de\/#website\"},\"datePublished\":\"2026-02-16T14:20:23+00:00\",\"dateModified\":\"2026-03-30T13:14:54+00:00\",\"description\":\"SUNS Outdoor Lifestyle markiert im Jahr 2026 einen historischen Moment in der niederl\u00e4ndischen Designgeschichte. Die Marke ist die erste niederl\u00e4ndische Outdoor-Lifestyle-Marke \u00fcberhaupt, die offiziell zum Salone del Mobile zugelassen wird.\",\"breadcrumb\":{\"@id\":\"https:\/\/hello-suns.com\/de\/salone-del-mobile-milano-2026\/#breadcrumb\"},\"inLanguage\":\"de-DE\",\"potentialAction\":[{\"@type\":\"ReadAction\",\"target\":[\"https:\/\/hello-suns.com\/de\/salone-del-mobile-milano-2026\/\"]}]},{\"@type\":\"BreadcrumbList\",\"@id\":\"https:\/\/hello-suns.com\/de\/salone-del-mobile-milano-2026\/#breadcrumb\",\"itemListElement\":[{\"@type\":\"ListItem\",\"position\":1,\"name\":\"\",\"item\":\"https:\/\/hello-suns.com\/de\/\"},{\"@type\":\"ListItem\",\"position\":2,\"name\":\"Salone del Mobile.Milano 2026\"}]},{\"@type\":\"WebSite\",\"@id\":\"https:\/\/hello-suns.com\/de\/#website\",\"url\":\"https:\/\/hello-suns.com\/de\/\",\"name\":\"SUNS\",\"description\":\"Outdoor Lifestyle\",\"potentialAction\":[{\"@type\":\"SearchAction\",\"target\":{\"@type\":\"EntryPoint\",\"urlTemplate\":\"https:\/\/hello-suns.com\/de\/?s={search_term_string}\"},\"query-input\":{\"@type\":\"PropertyValueSpecification\",\"valueRequired\":true,\"valueName\":\"search_term_string\"}}],\"inLanguage\":\"de-DE\"}]}<\/script>\n<!-- \/ Yoast SEO plugin. -->","yoast_head_json":{"title":"Die erste niederl\u00e4ndische Outdoor-Lifestyle-Marke in Mailand.","description":"SUNS Outdoor Lifestyle markiert im Jahr 2026 einen historischen Moment in der niederl\u00e4ndischen Designgeschichte. Die Marke ist die erste niederl\u00e4ndische Outdoor-Lifestyle-Marke \u00fcberhaupt, die offiziell zum Salone del Mobile zugelassen wird.","robots":{"index":"index","follow":"follow","max-snippet":"max-snippet:-1","max-image-preview":"max-image-preview:large","max-video-preview":"max-video-preview:-1"},"canonical":"https:\/\/hello-suns.com\/de\/salone-del-mobile-milano-2026\/","og_locale":"de_DE","og_type":"article","og_title":"Die erste niederl\u00e4ndische Outdoor-Lifestyle-Marke in Mailand.","og_description":"SUNS Outdoor Lifestyle markiert im Jahr 2026 einen historischen Moment in der niederl\u00e4ndischen Designgeschichte. Die Marke ist die erste niederl\u00e4ndische Outdoor-Lifestyle-Marke \u00fcberhaupt, die offiziell zum Salone del Mobile zugelassen wird.","og_url":"https:\/\/hello-suns.com\/de\/salone-del-mobile-milano-2026\/","og_site_name":"SUNS","article_modified_time":"2026-03-30T13:14:54+00:00","twitter_card":"summary_large_image","twitter_misc":{"Est. reading time":"7 minutes"},"schema":{"@context":"https:\/\/schema.org","@graph":[{"@type":"WebPage","@id":"https:\/\/hello-suns.com\/de\/salone-del-mobile-milano-2026\/","url":"https:\/\/hello-suns.com\/de\/salone-del-mobile-milano-2026\/","name":"Die erste niederl\u00e4ndische Outdoor-Lifestyle-Marke in Mailand.","isPartOf":{"@id":"https:\/\/hello-suns.com\/de\/#website"},"datePublished":"2026-02-16T14:20:23+00:00","dateModified":"2026-03-30T13:14:54+00:00","description":"SUNS Outdoor Lifestyle markiert im Jahr 2026 einen historischen Moment in der niederl\u00e4ndischen Designgeschichte. Die Marke ist die erste niederl\u00e4ndische Outdoor-Lifestyle-Marke \u00fcberhaupt, die offiziell zum Salone del Mobile zugelassen wird.","breadcrumb":{"@id":"https:\/\/hello-suns.com\/de\/salone-del-mobile-milano-2026\/#breadcrumb"},"inLanguage":"de-DE","potentialAction":[{"@type":"ReadAction","target":["https:\/\/hello-suns.com\/de\/salone-del-mobile-milano-2026\/"]}]},{"@type":"BreadcrumbList","@id":"https:\/\/hello-suns.com\/de\/salone-del-mobile-milano-2026\/#breadcrumb","itemListElement":[{"@type":"ListItem","position":1,"name":"","item":"https:\/\/hello-suns.com\/de\/"},{"@type":"ListItem","position":2,"name":"Salone del Mobile.Milano 2026"}]},{"@type":"WebSite","@id":"https:\/\/hello-suns.com\/de\/#website","url":"https:\/\/hello-suns.com\/de\/","name":"SUNS","description":"Outdoor Lifestyle","potentialAction":[{"@type":"SearchAction","target":{"@type":"EntryPoint","urlTemplate":"https:\/\/hello-suns.com\/de\/?s={search_term_string}"},"query-input":{"@type":"PropertyValueSpecification","valueRequired":true,"valueName":"search_term_string"}}],"inLanguage":"de-DE"}]}},"_links":{"self":[{"href":"https:\/\/hello-suns.com\/de\/wp-json\/wp\/v2\/pages\/55033","targetHints":{"allow":["GET"]}}],"collection":[{"href":"https:\/\/hello-suns.com\/de\/wp-json\/wp\/v2\/pages"}],"about":[{"href":"https:\/\/hello-suns.com\/de\/wp-json\/wp\/v2\/types\/page"}],"author":[{"embeddable":true,"href":"https:\/\/hello-suns.com\/de\/wp-json\/wp\/v2\/users\/2"}],"replies":[{"embeddable":true,"href":"https:\/\/hello-suns.com\/de\/wp-json\/wp\/v2\/comments?post=55033"}],"version-history":[{"count":1,"href":"https:\/\/hello-suns.com\/de\/wp-json\/wp\/v2\/pages\/55033\/revisions"}],"predecessor-version":[{"id":55046,"href":"https:\/\/hello-suns.com\/de\/wp-json\/wp\/v2\/pages\/55033\/revisions\/55046"}],"wp:attachment":[{"href":"https:\/\/hello-suns.com\/de\/wp-json\/wp\/v2\/media?parent=55033"}],"curies":[{"name":"wp","href":"https:\/\/api.w.org\/{rel}","templated":true}]}}