{"id":18718,"date":"2025-10-15T10:58:16","date_gmt":"2025-10-15T08:58:16","guid":{"rendered":"https:\/\/hello-suns.com\/?page_id=18718"},"modified":"2026-01-15T18:17:25","modified_gmt":"2026-01-15T18:17:25","slug":"serviceangestellte-in-innenraumen","status":"publish","type":"page","link":"https:\/\/hello-suns.com\/de\/serviceangestellte-in-innenraumen\/","title":{"rendered":"Au\u00dfendienstmitarbeiter"},"content":{"rendered":"","protected":false},"excerpt":{"rendered":"","protected":false},"author":3,"featured_media":0,"parent":0,"menu_order":0,"comment_status":"closed","ping_status":"closed","template":"","meta":{"_acf_changed":false,"footnotes":""},"class_list":["post-18718","page","type-page","status-publish","hentry"],"acf":[],"yoast_head":"<!-- This site is optimized with the Yoast SEO plugin v26.8 - https:\/\/yoast.com\/product\/yoast-seo-wordpress\/ -->\n<title>Au\u00dfendienstmitarbeiter - SUNS<\/title>\n<meta name=\"description\" content=\"Wir suchen einen Teamplayer, der proaktiv und l\u00f6sungsorientiert ist und der versteht, dass der Service bei SUNS immer auf h\u00f6chstem Niveau sein muss.\" \/>\n<meta name=\"robots\" content=\"index, follow, max-snippet:-1, max-image-preview:large, max-video-preview:-1\" \/>\n<link rel=\"canonical\" href=\"https:\/\/hello-suns.com\/de\/serviceangestellte-in-innenraumen\/\" \/>\n<meta property=\"og:locale\" content=\"de_DE\" \/>\n<meta property=\"og:type\" content=\"article\" \/>\n<meta property=\"og:title\" content=\"Au\u00dfendienstmitarbeiter - SUNS\" \/>\n<meta property=\"og:description\" content=\"Wir suchen einen Teamplayer, der proaktiv und l\u00f6sungsorientiert ist und der versteht, dass der Service bei SUNS immer auf h\u00f6chstem Niveau sein muss.\" \/>\n<meta property=\"og:url\" content=\"https:\/\/hello-suns.com\/de\/serviceangestellte-in-innenraumen\/\" \/>\n<meta property=\"og:site_name\" content=\"SUNS\" \/>\n<meta property=\"article:modified_time\" content=\"2026-01-15T18:17:25+00:00\" \/>\n<meta name=\"twitter:card\" content=\"summary_large_image\" \/>\n<meta name=\"twitter:label1\" content=\"Est. reading time\" \/>\n\t<meta name=\"twitter:data1\" content=\"2 minutes\" \/>\n<script type=\"application\/ld+json\" class=\"yoast-schema-graph\">{\"@context\":\"https:\/\/schema.org\",\"@graph\":[{\"@type\":\"WebPage\",\"@id\":\"https:\/\/hello-suns.com\/de\/serviceangestellte-in-innenraumen\/\",\"url\":\"https:\/\/hello-suns.com\/de\/serviceangestellte-in-innenraumen\/\",\"name\":\"Au\u00dfendienstmitarbeiter - SUNS\",\"isPartOf\":{\"@id\":\"https:\/\/hello-suns.com\/de\/#website\"},\"datePublished\":\"2025-10-15T08:58:16+00:00\",\"dateModified\":\"2026-01-15T18:17:25+00:00\",\"description\":\"Wir suchen einen Teamplayer, der proaktiv und l\u00f6sungsorientiert ist und der versteht, dass der Service bei SUNS immer auf h\u00f6chstem Niveau sein muss.\",\"breadcrumb\":{\"@id\":\"https:\/\/hello-suns.com\/de\/serviceangestellte-in-innenraumen\/#breadcrumb\"},\"inLanguage\":\"de-DE\",\"potentialAction\":[{\"@type\":\"ReadAction\",\"target\":[\"https:\/\/hello-suns.com\/de\/serviceangestellte-in-innenraumen\/\"]}]},{\"@type\":\"BreadcrumbList\",\"@id\":\"https:\/\/hello-suns.com\/de\/serviceangestellte-in-innenraumen\/#breadcrumb\",\"itemListElement\":[{\"@type\":\"ListItem\",\"position\":1,\"name\":\"\",\"item\":\"https:\/\/hello-suns.com\/de\/\"},{\"@type\":\"ListItem\",\"position\":2,\"name\":\"Au\u00dfendienstmitarbeiter\"}]},{\"@type\":\"WebSite\",\"@id\":\"https:\/\/hello-suns.com\/de\/#website\",\"url\":\"https:\/\/hello-suns.com\/de\/\",\"name\":\"SUNS\",\"description\":\"Outdoor Lifestyle\",\"potentialAction\":[{\"@type\":\"SearchAction\",\"target\":{\"@type\":\"EntryPoint\",\"urlTemplate\":\"https:\/\/hello-suns.com\/de\/?s={search_term_string}\"},\"query-input\":{\"@type\":\"PropertyValueSpecification\",\"valueRequired\":true,\"valueName\":\"search_term_string\"}}],\"inLanguage\":\"de-DE\"}]}<\/script>\n<!-- \/ Yoast SEO plugin. -->","yoast_head_json":{"title":"Au\u00dfendienstmitarbeiter - SUNS","description":"Wir suchen einen Teamplayer, der proaktiv und l\u00f6sungsorientiert ist und der versteht, dass der Service bei SUNS immer auf h\u00f6chstem Niveau sein muss.","robots":{"index":"index","follow":"follow","max-snippet":"max-snippet:-1","max-image-preview":"max-image-preview:large","max-video-preview":"max-video-preview:-1"},"canonical":"https:\/\/hello-suns.com\/de\/serviceangestellte-in-innenraumen\/","og_locale":"de_DE","og_type":"article","og_title":"Au\u00dfendienstmitarbeiter - SUNS","og_description":"Wir suchen einen Teamplayer, der proaktiv und l\u00f6sungsorientiert ist und der versteht, dass der Service bei SUNS immer auf h\u00f6chstem Niveau sein muss.","og_url":"https:\/\/hello-suns.com\/de\/serviceangestellte-in-innenraumen\/","og_site_name":"SUNS","article_modified_time":"2026-01-15T18:17:25+00:00","twitter_card":"summary_large_image","twitter_misc":{"Est. reading time":"2 minutes"},"schema":{"@context":"https:\/\/schema.org","@graph":[{"@type":"WebPage","@id":"https:\/\/hello-suns.com\/de\/serviceangestellte-in-innenraumen\/","url":"https:\/\/hello-suns.com\/de\/serviceangestellte-in-innenraumen\/","name":"Au\u00dfendienstmitarbeiter - SUNS","isPartOf":{"@id":"https:\/\/hello-suns.com\/de\/#website"},"datePublished":"2025-10-15T08:58:16+00:00","dateModified":"2026-01-15T18:17:25+00:00","description":"Wir suchen einen Teamplayer, der proaktiv und l\u00f6sungsorientiert ist und der versteht, dass der Service bei SUNS immer auf h\u00f6chstem Niveau sein muss.","breadcrumb":{"@id":"https:\/\/hello-suns.com\/de\/serviceangestellte-in-innenraumen\/#breadcrumb"},"inLanguage":"de-DE","potentialAction":[{"@type":"ReadAction","target":["https:\/\/hello-suns.com\/de\/serviceangestellte-in-innenraumen\/"]}]},{"@type":"BreadcrumbList","@id":"https:\/\/hello-suns.com\/de\/serviceangestellte-in-innenraumen\/#breadcrumb","itemListElement":[{"@type":"ListItem","position":1,"name":"","item":"https:\/\/hello-suns.com\/de\/"},{"@type":"ListItem","position":2,"name":"Au\u00dfendienstmitarbeiter"}]},{"@type":"WebSite","@id":"https:\/\/hello-suns.com\/de\/#website","url":"https:\/\/hello-suns.com\/de\/","name":"SUNS","description":"Outdoor Lifestyle","potentialAction":[{"@type":"SearchAction","target":{"@type":"EntryPoint","urlTemplate":"https:\/\/hello-suns.com\/de\/?s={search_term_string}"},"query-input":{"@type":"PropertyValueSpecification","valueRequired":true,"valueName":"search_term_string"}}],"inLanguage":"de-DE"}]}},"_links":{"self":[{"href":"https:\/\/hello-suns.com\/de\/wp-json\/wp\/v2\/pages\/18718","targetHints":{"allow":["GET"]}}],"collection":[{"href":"https:\/\/hello-suns.com\/de\/wp-json\/wp\/v2\/pages"}],"about":[{"href":"https:\/\/hello-suns.com\/de\/wp-json\/wp\/v2\/types\/page"}],"author":[{"embeddable":true,"href":"https:\/\/hello-suns.com\/de\/wp-json\/wp\/v2\/users\/3"}],"replies":[{"embeddable":true,"href":"https:\/\/hello-suns.com\/de\/wp-json\/wp\/v2\/comments?post=18718"}],"version-history":[{"count":2,"href":"https:\/\/hello-suns.com\/de\/wp-json\/wp\/v2\/pages\/18718\/revisions"}],"predecessor-version":[{"id":18729,"href":"https:\/\/hello-suns.com\/de\/wp-json\/wp\/v2\/pages\/18718\/revisions\/18729"}],"wp:attachment":[{"href":"https:\/\/hello-suns.com\/de\/wp-json\/wp\/v2\/media?parent=18718"}],"curies":[{"name":"wp","href":"https:\/\/api.w.org\/{rel}","templated":true}]}}